{"id":396,"date":"2021-12-29T12:06:17","date_gmt":"2021-12-29T11:06:17","guid":{"rendered":"https:\/\/comitedesfeteskermouster.fr\/?page_id=396"},"modified":"2022-02-04T17:42:54","modified_gmt":"2022-02-04T16:42:54","slug":"ou-sommes-nous","status":"publish","type":"page","link":"https:\/\/comitedesfeteskermouster.fr\/index.php\/ou-sommes-nous\/","title":{"rendered":"O\u00f9 sommes-nous ?"},"content":{"rendered":"\t\t<div data-elementor-type=\"wp-page\" data-elementor-id=\"396\" class=\"elementor elementor-396\">\n\t\t\t\t\t\t<section class=\"elementor-section elementor-top-section elementor-element elementor-element-662f8ef elementor-section-boxed elementor-section-height-default elementor-section-height-default\" data-id=\"662f8ef\" data-element_type=\"section\" data-e-type=\"section\">\n\t\t\t\t\t\t<div class=\"elementor-container elementor-column-gap-default\">\n\t\t\t\t\t<div class=\"elementor-column elementor-col-100 elementor-top-column elementor-element elementor-element-e4fafcb\" data-id=\"e4fafcb\" data-element_type=\"column\" data-e-type=\"column\">\n\t\t\t<div class=\"elementor-widget-wrap elementor-element-populated\">\n\t\t\t\t\t\t<div class=\"elementor-element elementor-element-ab4e73f elementor-widget elementor-widget-spacer\" data-id=\"ab4e73f\" data-element_type=\"widget\" data-e-type=\"widget\" data-widget_type=\"spacer.default\">\n\t\t\t\t<div class=\"elementor-widget-container\">\n\t\t\t\t\t\t\t<div class=\"elementor-spacer\">\n\t\t\t<div class=\"elementor-spacer-inner\"><\/div>\n\t\t<\/div>\n\t\t\t\t\t\t<\/div>\n\t\t\t\t<\/div>\n\t\t\t\t\t<\/div>\n\t\t<\/div>\n\t\t\t\t\t<\/div>\n\t\t<\/section>\n\t\t\t\t<section class=\"elementor-section elementor-top-section elementor-element elementor-element-2550310e elementor-section-boxed elementor-section-height-default elementor-section-height-default\" data-id=\"2550310e\" data-element_type=\"section\" data-e-type=\"section\">\n\t\t\t\t\t\t<div class=\"elementor-container elementor-column-gap-default\">\n\t\t\t\t\t<div class=\"elementor-column elementor-col-100 elementor-top-column elementor-element elementor-element-34b7f36d\" data-id=\"34b7f36d\" data-element_type=\"column\" data-e-type=\"column\">\n\t\t\t<div class=\"elementor-widget-wrap elementor-element-populated\">\n\t\t\t\t\t\t<div class=\"elementor-element elementor-element-212d243d elementor-widget elementor-widget-text-editor\" data-id=\"212d243d\" data-element_type=\"widget\" data-e-type=\"widget\" data-widget_type=\"text-editor.default\">\n\t\t\t\t<div class=\"elementor-widget-container\">\n\t\t\t\t\t\t\t\t\t<p>[wpgmza id=\u00a0\u00bb1&Prime;]<\/p>\n\t\t\t\t\t\t\t\t<\/div>\n\t\t\t\t<\/div>\n\t\t\t\t\t<\/div>\n\t\t<\/div>\n\t\t\t\t\t<\/div>\n\t\t<\/section>\n\t\t\t\t<\/div>\n\t\t","protected":false},"excerpt":{"rendered":"","protected":false},"author":5,"featured_media":0,"parent":0,"menu_order":0,"comment_status":"closed","ping_status":"closed","template":"","meta":{"footnotes":""},"class_list":["post-396","page","type-page","status-publish","hentry"],"yoast_head":"<!-- This site is optimized with the Yoast SEO plugin v27.5 - https:\/\/yoast.com\/product\/yoast-seo-wordpress\/ -->\n<title>O\u00f9 sommes-nous ? - Comit\u00e9 des F\u00eates de Kermouster<\/title>\n<meta name=\"robots\" content=\"index, follow, max-snippet:-1, max-image-preview:large, max-video-preview:-1\" \/>\n<link rel=\"canonical\" href=\"https:\/\/comitedesfeteskermouster.fr\/index.php\/ou-sommes-nous\/\" \/>\n<meta property=\"og:locale\" content=\"fr_FR\" \/>\n<meta property=\"og:type\" content=\"article\" \/>\n<meta property=\"og:title\" content=\"O\u00f9 sommes-nous ? - Comit\u00e9 des F\u00eates de Kermouster\" \/>\n<meta property=\"og:url\" content=\"https:\/\/comitedesfeteskermouster.fr\/index.php\/ou-sommes-nous\/\" \/>\n<meta property=\"og:site_name\" content=\"Comit\u00e9 des F\u00eates de Kermouster\" \/>\n<meta property=\"article:publisher\" content=\"https:\/\/www.facebook.com\/comitedesfeteskermouster\" \/>\n<meta property=\"article:modified_time\" content=\"2022-02-04T16:42:54+00:00\" \/>\n<meta property=\"og:image\" content=\"https:\/\/i0.wp.com\/comitedesfeteskermouster.fr\/wp-content\/uploads\/2022\/01\/kermouster_mobile.png?fit=1071%2C489&ssl=1\" \/>\n\t<meta property=\"og:image:width\" content=\"1071\" \/>\n\t<meta property=\"og:image:height\" content=\"489\" \/>\n\t<meta property=\"og:image:type\" content=\"image\/png\" \/>\n<meta name=\"twitter:card\" content=\"summary_large_image\" \/>\n<script type=\"application\/ld+json\" class=\"yoast-schema-graph\">{\"@context\":\"https:\\\/\\\/schema.org\",\"@graph\":[{\"@type\":\"WebPage\",\"@id\":\"https:\\\/\\\/comitedesfeteskermouster.fr\\\/index.php\\\/ou-sommes-nous\\\/\",\"url\":\"https:\\\/\\\/comitedesfeteskermouster.fr\\\/index.php\\\/ou-sommes-nous\\\/\",\"name\":\"O\u00f9 sommes-nous ? - Comit\u00e9 des F\u00eates de Kermouster\",\"isPartOf\":{\"@id\":\"https:\\\/\\\/comitedesfeteskermouster.fr\\\/#website\"},\"datePublished\":\"2021-12-29T11:06:17+00:00\",\"dateModified\":\"2022-02-04T16:42:54+00:00\",\"breadcrumb\":{\"@id\":\"https:\\\/\\\/comitedesfeteskermouster.fr\\\/index.php\\\/ou-sommes-nous\\\/#breadcrumb\"},\"inLanguage\":\"fr-FR\",\"potentialAction\":[{\"@type\":\"ReadAction\",\"target\":[\"https:\\\/\\\/comitedesfeteskermouster.fr\\\/index.php\\\/ou-sommes-nous\\\/\"]}]},{\"@type\":\"BreadcrumbList\",\"@id\":\"https:\\\/\\\/comitedesfeteskermouster.fr\\\/index.php\\\/ou-sommes-nous\\\/#breadcrumb\",\"itemListElement\":[{\"@type\":\"ListItem\",\"position\":1,\"name\":\"Accueil - Comit\u00e9 des F\u00eates de Kermouster\",\"item\":\"https:\\\/\\\/comitedesfeteskermouster.fr\\\/\"},{\"@type\":\"ListItem\",\"position\":2,\"name\":\"O\u00f9 sommes-nous ?\"}]},{\"@type\":\"WebSite\",\"@id\":\"https:\\\/\\\/comitedesfeteskermouster.fr\\\/#website\",\"url\":\"https:\\\/\\\/comitedesfeteskermouster.fr\\\/\",\"name\":\"Comit\u00e9 des F\u00eates de Kermouster\",\"description\":\"\",\"publisher\":{\"@id\":\"https:\\\/\\\/comitedesfeteskermouster.fr\\\/#organization\"},\"potentialAction\":[{\"@type\":\"SearchAction\",\"target\":{\"@type\":\"EntryPoint\",\"urlTemplate\":\"https:\\\/\\\/comitedesfeteskermouster.fr\\\/?s={search_term_string}\"},\"query-input\":{\"@type\":\"PropertyValueSpecification\",\"valueRequired\":true,\"valueName\":\"search_term_string\"}}],\"inLanguage\":\"fr-FR\"},{\"@type\":\"Organization\",\"@id\":\"https:\\\/\\\/comitedesfeteskermouster.fr\\\/#organization\",\"name\":\"Comit\u00e9 des f\u00eates de Kermouster\",\"url\":\"https:\\\/\\\/comitedesfeteskermouster.fr\\\/\",\"logo\":{\"@type\":\"ImageObject\",\"inLanguage\":\"fr-FR\",\"@id\":\"https:\\\/\\\/comitedesfeteskermouster.fr\\\/#\\\/schema\\\/logo\\\/image\\\/\",\"url\":\"https:\\\/\\\/i0.wp.com\\\/comitedesfeteskermouster.fr\\\/wp-content\\\/uploads\\\/2021\\\/12\\\/cropped-cropped-logo.png?fit=480%2C214&ssl=1\",\"contentUrl\":\"https:\\\/\\\/i0.wp.com\\\/comitedesfeteskermouster.fr\\\/wp-content\\\/uploads\\\/2021\\\/12\\\/cropped-cropped-logo.png?fit=480%2C214&ssl=1\",\"width\":480,\"height\":214,\"caption\":\"Comit\u00e9 des f\u00eates de Kermouster\"},\"image\":{\"@id\":\"https:\\\/\\\/comitedesfeteskermouster.fr\\\/#\\\/schema\\\/logo\\\/image\\\/\"},\"sameAs\":[\"https:\\\/\\\/www.facebook.com\\\/comitedesfeteskermouster\"]}]}<\/script>\n<!-- \/ Yoast SEO plugin. -->","yoast_head_json":{"title":"O\u00f9 sommes-nous ? - Comit\u00e9 des F\u00eates de Kermouster","robots":{"index":"index","follow":"follow","max-snippet":"max-snippet:-1","max-image-preview":"max-image-preview:large","max-video-preview":"max-video-preview:-1"},"canonical":"https:\/\/comitedesfeteskermouster.fr\/index.php\/ou-sommes-nous\/","og_locale":"fr_FR","og_type":"article","og_title":"O\u00f9 sommes-nous ? - Comit\u00e9 des F\u00eates de Kermouster","og_url":"https:\/\/comitedesfeteskermouster.fr\/index.php\/ou-sommes-nous\/","og_site_name":"Comit\u00e9 des F\u00eates de Kermouster","article_publisher":"https:\/\/www.facebook.com\/comitedesfeteskermouster","article_modified_time":"2022-02-04T16:42:54+00:00","og_image":[{"width":1071,"height":489,"url":"https:\/\/i0.wp.com\/comitedesfeteskermouster.fr\/wp-content\/uploads\/2022\/01\/kermouster_mobile.png?fit=1071%2C489&ssl=1","type":"image\/png"}],"twitter_card":"summary_large_image","schema":{"@context":"https:\/\/schema.org","@graph":[{"@type":"WebPage","@id":"https:\/\/comitedesfeteskermouster.fr\/index.php\/ou-sommes-nous\/","url":"https:\/\/comitedesfeteskermouster.fr\/index.php\/ou-sommes-nous\/","name":"O\u00f9 sommes-nous ? - Comit\u00e9 des F\u00eates de Kermouster","isPartOf":{"@id":"https:\/\/comitedesfeteskermouster.fr\/#website"},"datePublished":"2021-12-29T11:06:17+00:00","dateModified":"2022-02-04T16:42:54+00:00","breadcrumb":{"@id":"https:\/\/comitedesfeteskermouster.fr\/index.php\/ou-sommes-nous\/#breadcrumb"},"inLanguage":"fr-FR","potentialAction":[{"@type":"ReadAction","target":["https:\/\/comitedesfeteskermouster.fr\/index.php\/ou-sommes-nous\/"]}]},{"@type":"BreadcrumbList","@id":"https:\/\/comitedesfeteskermouster.fr\/index.php\/ou-sommes-nous\/#breadcrumb","itemListElement":[{"@type":"ListItem","position":1,"name":"Accueil - Comit\u00e9 des F\u00eates de Kermouster","item":"https:\/\/comitedesfeteskermouster.fr\/"},{"@type":"ListItem","position":2,"name":"O\u00f9 sommes-nous ?"}]},{"@type":"WebSite","@id":"https:\/\/comitedesfeteskermouster.fr\/#website","url":"https:\/\/comitedesfeteskermouster.fr\/","name":"Comit\u00e9 des F\u00eates de Kermouster","description":"","publisher":{"@id":"https:\/\/comitedesfeteskermouster.fr\/#organization"},"potentialAction":[{"@type":"SearchAction","target":{"@type":"EntryPoint","urlTemplate":"https:\/\/comitedesfeteskermouster.fr\/?s={search_term_string}"},"query-input":{"@type":"PropertyValueSpecification","valueRequired":true,"valueName":"search_term_string"}}],"inLanguage":"fr-FR"},{"@type":"Organization","@id":"https:\/\/comitedesfeteskermouster.fr\/#organization","name":"Comit\u00e9 des f\u00eates de Kermouster","url":"https:\/\/comitedesfeteskermouster.fr\/","logo":{"@type":"ImageObject","inLanguage":"fr-FR","@id":"https:\/\/comitedesfeteskermouster.fr\/#\/schema\/logo\/image\/","url":"https:\/\/i0.wp.com\/comitedesfeteskermouster.fr\/wp-content\/uploads\/2021\/12\/cropped-cropped-logo.png?fit=480%2C214&ssl=1","contentUrl":"https:\/\/i0.wp.com\/comitedesfeteskermouster.fr\/wp-content\/uploads\/2021\/12\/cropped-cropped-logo.png?fit=480%2C214&ssl=1","width":480,"height":214,"caption":"Comit\u00e9 des f\u00eates de Kermouster"},"image":{"@id":"https:\/\/comitedesfeteskermouster.fr\/#\/schema\/logo\/image\/"},"sameAs":["https:\/\/www.facebook.com\/comitedesfeteskermouster"]}]}},"jetpack_sharing_enabled":true,"jetpack_likes_enabled":true,"_links":{"self":[{"href":"https:\/\/comitedesfeteskermouster.fr\/index.php\/wp-json\/wp\/v2\/pages\/396","targetHints":{"allow":["GET"]}}],"collection":[{"href":"https:\/\/comitedesfeteskermouster.fr\/index.php\/wp-json\/wp\/v2\/pages"}],"about":[{"href":"https:\/\/comitedesfeteskermouster.fr\/index.php\/wp-json\/wp\/v2\/types\/page"}],"author":[{"embeddable":true,"href":"https:\/\/comitedesfeteskermouster.fr\/index.php\/wp-json\/wp\/v2\/users\/5"}],"replies":[{"embeddable":true,"href":"https:\/\/comitedesfeteskermouster.fr\/index.php\/wp-json\/wp\/v2\/comments?post=396"}],"version-history":[{"count":5,"href":"https:\/\/comitedesfeteskermouster.fr\/index.php\/wp-json\/wp\/v2\/pages\/396\/revisions"}],"predecessor-version":[{"id":711,"href":"https:\/\/comitedesfeteskermouster.fr\/index.php\/wp-json\/wp\/v2\/pages\/396\/revisions\/711"}],"wp:attachment":[{"href":"https:\/\/comitedesfeteskermouster.fr\/index.php\/wp-json\/wp\/v2\/media?parent=396"}],"curies":[{"name":"wp","href":"https:\/\/api.w.org\/{rel}","templated":true}]}}