{"id":60,"date":"2021-12-01T10:58:47","date_gmt":"2021-12-01T09:58:47","guid":{"rendered":"https:\/\/comitedesfeteskermouster.fr\/?page_id=60"},"modified":"2022-02-04T19:53:36","modified_gmt":"2022-02-04T18:53:36","slug":"belotte","status":"publish","type":"page","link":"https:\/\/comitedesfeteskermouster.fr\/index.php\/belotte\/","title":{"rendered":"Belote"},"content":{"rendered":"\t\t<div data-elementor-type=\"wp-page\" data-elementor-id=\"60\" class=\"elementor elementor-60\">\n\t\t\t\t\t\t<section class=\"elementor-section elementor-top-section elementor-element elementor-element-8099945 elementor-section-boxed elementor-section-height-default elementor-section-height-default\" data-id=\"8099945\" data-element_type=\"section\" data-e-type=\"section\">\n\t\t\t\t\t\t<div class=\"elementor-container elementor-column-gap-default\">\n\t\t\t\t\t<div class=\"elementor-column elementor-col-33 elementor-top-column elementor-element elementor-element-d05e418\" data-id=\"d05e418\" data-element_type=\"column\" data-e-type=\"column\">\n\t\t\t<div class=\"elementor-widget-wrap elementor-element-populated\">\n\t\t\t\t\t\t<div class=\"elementor-element elementor-element-a16e60b elementor-widget elementor-widget-text-editor\" data-id=\"a16e60b\" data-element_type=\"widget\" data-e-type=\"widget\" data-widget_type=\"text-editor.default\">\n\t\t\t\t<div class=\"elementor-widget-container\">\n\t\t\t\t\t\t\t\t\t<p>\u00a0<\/p><p>\u00a0<\/p><p>Tous les vendredi , <strong>tournoi amical<\/strong> de belote \u00e0 la m\u00eal\u00e9e<\/p><p>Rendez &#8211; vous Chez Lo\u00efc \u00e0 partir de 13h30 en fonction des dates mentionn\u00e9es sur notre agenda.<\/p>\t\t\t\t\t\t\t\t<\/div>\n\t\t\t\t<\/div>\n\t\t\t\t\t<\/div>\n\t\t<\/div>\n\t\t\t\t<div class=\"elementor-column elementor-col-66 elementor-top-column elementor-element elementor-element-e4b4e56\" data-id=\"e4b4e56\" data-element_type=\"column\" data-e-type=\"column\">\n\t\t\t<div class=\"elementor-widget-wrap elementor-element-populated\">\n\t\t\t\t\t\t<div class=\"elementor-element elementor-element-846aa91 elementor-widget elementor-widget-image\" data-id=\"846aa91\" data-element_type=\"widget\" data-e-type=\"widget\" data-widget_type=\"image.default\">\n\t\t\t\t<div class=\"elementor-widget-container\">\n\t\t\t\t\t\t\t\t\t\t\t\t\t\t\t<img fetchpriority=\"high\" decoding=\"async\" width=\"440\" height=\"319\" src=\"https:\/\/i0.wp.com\/comitedesfeteskermouster.fr\/wp-content\/uploads\/2022\/01\/Capture-facebok.jpg?fit=440%2C319&amp;ssl=1\" class=\"attachment-large size-large wp-image-618\" alt=\"\" srcset=\"https:\/\/i0.wp.com\/comitedesfeteskermouster.fr\/wp-content\/uploads\/2022\/01\/Capture-facebok.jpg?w=440&amp;ssl=1 440w, https:\/\/i0.wp.com\/comitedesfeteskermouster.fr\/wp-content\/uploads\/2022\/01\/Capture-facebok.jpg?resize=300%2C218&amp;ssl=1 300w\" sizes=\"(max-width: 440px) 100vw, 440px\" \/>\t\t\t\t\t\t\t\t\t\t\t\t\t\t\t<\/div>\n\t\t\t\t<\/div>\n\t\t\t\t\t<\/div>\n\t\t<\/div>\n\t\t\t\t\t<\/div>\n\t\t<\/section>\n\t\t\t\t<section class=\"elementor-section elementor-top-section elementor-element elementor-element-ac1bec8 elementor-section-boxed elementor-section-height-default elementor-section-height-default\" data-id=\"ac1bec8\" data-element_type=\"section\" data-e-type=\"section\">\n\t\t\t\t\t\t<div class=\"elementor-container elementor-column-gap-default\">\n\t\t\t\t\t<div class=\"elementor-column elementor-col-100 elementor-top-column elementor-element elementor-element-86b94a5\" data-id=\"86b94a5\" data-element_type=\"column\" data-e-type=\"column\">\n\t\t\t<div class=\"elementor-widget-wrap elementor-element-populated\">\n\t\t\t\t\t\t<div class=\"elementor-element elementor-element-913217d elementor-widget elementor-widget-image\" data-id=\"913217d\" data-element_type=\"widget\" data-e-type=\"widget\" data-widget_type=\"image.default\">\n\t\t\t\t<div class=\"elementor-widget-container\">\n\t\t\t\t\t\t\t\t\t\t\t\t\t\t\t<img decoding=\"async\" width=\"611\" height=\"198\" src=\"https:\/\/i0.wp.com\/comitedesfeteskermouster.fr\/wp-content\/uploads\/2022\/01\/belote-telegramme.jpg?fit=611%2C198&amp;ssl=1\" class=\"attachment-large size-large wp-image-621\" alt=\"\" srcset=\"https:\/\/i0.wp.com\/comitedesfeteskermouster.fr\/wp-content\/uploads\/2022\/01\/belote-telegramme.jpg?w=611&amp;ssl=1 611w, https:\/\/i0.wp.com\/comitedesfeteskermouster.fr\/wp-content\/uploads\/2022\/01\/belote-telegramme.jpg?resize=300%2C97&amp;ssl=1 300w\" sizes=\"(max-width: 611px) 100vw, 611px\" \/>\t\t\t\t\t\t\t\t\t\t\t\t\t\t\t<\/div>\n\t\t\t\t<\/div>\n\t\t\t\t\t<\/div>\n\t\t<\/div>\n\t\t\t\t\t<\/div>\n\t\t<\/section>\n\t\t\t\t<\/div>\n\t\t","protected":false},"excerpt":{"rendered":"<p>\u00a0 \u00a0 Tous les vendredi , tournoi amical de belote \u00e0 la m\u00eal\u00e9e Rendez &#8211; vous Chez Lo\u00efc \u00e0 partir de 13h30 en fonction des dates mentionn\u00e9es sur notre agenda.<\/p>\n","protected":false},"author":5,"featured_media":0,"parent":0,"menu_order":0,"comment_status":"closed","ping_status":"closed","template":"","meta":{"footnotes":""},"class_list":["post-60","page","type-page","status-publish","hentry"],"yoast_head":"<!-- This site is optimized with the Yoast SEO plugin v27.5 - https:\/\/yoast.com\/product\/yoast-seo-wordpress\/ -->\n<title>Belote - Comit\u00e9 des F\u00eates de Kermouster<\/title>\n<meta name=\"robots\" content=\"index, follow, max-snippet:-1, max-image-preview:large, max-video-preview:-1\" \/>\n<link rel=\"canonical\" href=\"https:\/\/comitedesfeteskermouster.fr\/index.php\/belotte\/\" \/>\n<meta property=\"og:locale\" content=\"fr_FR\" \/>\n<meta property=\"og:type\" content=\"article\" \/>\n<meta property=\"og:title\" content=\"Belote - Comit\u00e9 des F\u00eates de Kermouster\" \/>\n<meta property=\"og:description\" content=\"\u00a0 \u00a0 Tous les vendredi , tournoi amical de belote \u00e0 la m\u00eal\u00e9e Rendez &#8211; vous Chez Lo\u00efc \u00e0 partir de 13h30 en fonction des dates mentionn\u00e9es sur notre agenda.\" \/>\n<meta property=\"og:url\" content=\"https:\/\/comitedesfeteskermouster.fr\/index.php\/belotte\/\" \/>\n<meta property=\"og:site_name\" content=\"Comit\u00e9 des F\u00eates de Kermouster\" \/>\n<meta property=\"article:publisher\" content=\"https:\/\/www.facebook.com\/comitedesfeteskermouster\" \/>\n<meta property=\"article:modified_time\" content=\"2022-02-04T18:53:36+00:00\" \/>\n<meta property=\"og:image\" content=\"https:\/\/comitedesfeteskermouster.fr\/wp-content\/uploads\/2022\/01\/Capture-facebok.jpg\" \/>\n<meta name=\"twitter:card\" content=\"summary_large_image\" \/>\n<script type=\"application\/ld+json\" class=\"yoast-schema-graph\">{\"@context\":\"https:\\\/\\\/schema.org\",\"@graph\":[{\"@type\":\"WebPage\",\"@id\":\"https:\\\/\\\/comitedesfeteskermouster.fr\\\/index.php\\\/belotte\\\/\",\"url\":\"https:\\\/\\\/comitedesfeteskermouster.fr\\\/index.php\\\/belotte\\\/\",\"name\":\"Belote - Comit\u00e9 des F\u00eates de Kermouster\",\"isPartOf\":{\"@id\":\"https:\\\/\\\/comitedesfeteskermouster.fr\\\/#website\"},\"primaryImageOfPage\":{\"@id\":\"https:\\\/\\\/comitedesfeteskermouster.fr\\\/index.php\\\/belotte\\\/#primaryimage\"},\"image\":{\"@id\":\"https:\\\/\\\/comitedesfeteskermouster.fr\\\/index.php\\\/belotte\\\/#primaryimage\"},\"thumbnailUrl\":\"https:\\\/\\\/comitedesfeteskermouster.fr\\\/wp-content\\\/uploads\\\/2022\\\/01\\\/Capture-facebok.jpg\",\"datePublished\":\"2021-12-01T09:58:47+00:00\",\"dateModified\":\"2022-02-04T18:53:36+00:00\",\"breadcrumb\":{\"@id\":\"https:\\\/\\\/comitedesfeteskermouster.fr\\\/index.php\\\/belotte\\\/#breadcrumb\"},\"inLanguage\":\"fr-FR\",\"potentialAction\":[{\"@type\":\"ReadAction\",\"target\":[\"https:\\\/\\\/comitedesfeteskermouster.fr\\\/index.php\\\/belotte\\\/\"]}]},{\"@type\":\"ImageObject\",\"inLanguage\":\"fr-FR\",\"@id\":\"https:\\\/\\\/comitedesfeteskermouster.fr\\\/index.php\\\/belotte\\\/#primaryimage\",\"url\":\"https:\\\/\\\/i0.wp.com\\\/comitedesfeteskermouster.fr\\\/wp-content\\\/uploads\\\/2022\\\/01\\\/Capture-facebok.jpg?fit=440%2C319&ssl=1\",\"contentUrl\":\"https:\\\/\\\/i0.wp.com\\\/comitedesfeteskermouster.fr\\\/wp-content\\\/uploads\\\/2022\\\/01\\\/Capture-facebok.jpg?fit=440%2C319&ssl=1\",\"width\":440,\"height\":319,\"caption\":\"Photo Propri\u00e9t\u00e9 du Comit\u00e9 des f\u00eates de Kermouster\"},{\"@type\":\"BreadcrumbList\",\"@id\":\"https:\\\/\\\/comitedesfeteskermouster.fr\\\/index.php\\\/belotte\\\/#breadcrumb\",\"itemListElement\":[{\"@type\":\"ListItem\",\"position\":1,\"name\":\"Accueil - Comit\u00e9 des F\u00eates de Kermouster\",\"item\":\"https:\\\/\\\/comitedesfeteskermouster.fr\\\/\"},{\"@type\":\"ListItem\",\"position\":2,\"name\":\"Belote\"}]},{\"@type\":\"WebSite\",\"@id\":\"https:\\\/\\\/comitedesfeteskermouster.fr\\\/#website\",\"url\":\"https:\\\/\\\/comitedesfeteskermouster.fr\\\/\",\"name\":\"Comit\u00e9 des F\u00eates de Kermouster\",\"description\":\"\",\"publisher\":{\"@id\":\"https:\\\/\\\/comitedesfeteskermouster.fr\\\/#organization\"},\"potentialAction\":[{\"@type\":\"SearchAction\",\"target\":{\"@type\":\"EntryPoint\",\"urlTemplate\":\"https:\\\/\\\/comitedesfeteskermouster.fr\\\/?s={search_term_string}\"},\"query-input\":{\"@type\":\"PropertyValueSpecification\",\"valueRequired\":true,\"valueName\":\"search_term_string\"}}],\"inLanguage\":\"fr-FR\"},{\"@type\":\"Organization\",\"@id\":\"https:\\\/\\\/comitedesfeteskermouster.fr\\\/#organization\",\"name\":\"Comit\u00e9 des f\u00eates de Kermouster\",\"url\":\"https:\\\/\\\/comitedesfeteskermouster.fr\\\/\",\"logo\":{\"@type\":\"ImageObject\",\"inLanguage\":\"fr-FR\",\"@id\":\"https:\\\/\\\/comitedesfeteskermouster.fr\\\/#\\\/schema\\\/logo\\\/image\\\/\",\"url\":\"https:\\\/\\\/i0.wp.com\\\/comitedesfeteskermouster.fr\\\/wp-content\\\/uploads\\\/2021\\\/12\\\/cropped-cropped-logo.png?fit=480%2C214&ssl=1\",\"contentUrl\":\"https:\\\/\\\/i0.wp.com\\\/comitedesfeteskermouster.fr\\\/wp-content\\\/uploads\\\/2021\\\/12\\\/cropped-cropped-logo.png?fit=480%2C214&ssl=1\",\"width\":480,\"height\":214,\"caption\":\"Comit\u00e9 des f\u00eates de Kermouster\"},\"image\":{\"@id\":\"https:\\\/\\\/comitedesfeteskermouster.fr\\\/#\\\/schema\\\/logo\\\/image\\\/\"},\"sameAs\":[\"https:\\\/\\\/www.facebook.com\\\/comitedesfeteskermouster\"]}]}<\/script>\n<!-- \/ Yoast SEO plugin. -->","yoast_head_json":{"title":"Belote - Comit\u00e9 des F\u00eates de Kermouster","robots":{"index":"index","follow":"follow","max-snippet":"max-snippet:-1","max-image-preview":"max-image-preview:large","max-video-preview":"max-video-preview:-1"},"canonical":"https:\/\/comitedesfeteskermouster.fr\/index.php\/belotte\/","og_locale":"fr_FR","og_type":"article","og_title":"Belote - Comit\u00e9 des F\u00eates de Kermouster","og_description":"\u00a0 \u00a0 Tous les vendredi , tournoi amical de belote \u00e0 la m\u00eal\u00e9e Rendez &#8211; vous Chez Lo\u00efc \u00e0 partir de 13h30 en fonction des dates mentionn\u00e9es sur notre agenda.","og_url":"https:\/\/comitedesfeteskermouster.fr\/index.php\/belotte\/","og_site_name":"Comit\u00e9 des F\u00eates de Kermouster","article_publisher":"https:\/\/www.facebook.com\/comitedesfeteskermouster","article_modified_time":"2022-02-04T18:53:36+00:00","og_image":[{"url":"https:\/\/comitedesfeteskermouster.fr\/wp-content\/uploads\/2022\/01\/Capture-facebok.jpg","type":"","width":"","height":""}],"twitter_card":"summary_large_image","schema":{"@context":"https:\/\/schema.org","@graph":[{"@type":"WebPage","@id":"https:\/\/comitedesfeteskermouster.fr\/index.php\/belotte\/","url":"https:\/\/comitedesfeteskermouster.fr\/index.php\/belotte\/","name":"Belote - Comit\u00e9 des F\u00eates de Kermouster","isPartOf":{"@id":"https:\/\/comitedesfeteskermouster.fr\/#website"},"primaryImageOfPage":{"@id":"https:\/\/comitedesfeteskermouster.fr\/index.php\/belotte\/#primaryimage"},"image":{"@id":"https:\/\/comitedesfeteskermouster.fr\/index.php\/belotte\/#primaryimage"},"thumbnailUrl":"https:\/\/comitedesfeteskermouster.fr\/wp-content\/uploads\/2022\/01\/Capture-facebok.jpg","datePublished":"2021-12-01T09:58:47+00:00","dateModified":"2022-02-04T18:53:36+00:00","breadcrumb":{"@id":"https:\/\/comitedesfeteskermouster.fr\/index.php\/belotte\/#breadcrumb"},"inLanguage":"fr-FR","potentialAction":[{"@type":"ReadAction","target":["https:\/\/comitedesfeteskermouster.fr\/index.php\/belotte\/"]}]},{"@type":"ImageObject","inLanguage":"fr-FR","@id":"https:\/\/comitedesfeteskermouster.fr\/index.php\/belotte\/#primaryimage","url":"https:\/\/i0.wp.com\/comitedesfeteskermouster.fr\/wp-content\/uploads\/2022\/01\/Capture-facebok.jpg?fit=440%2C319&ssl=1","contentUrl":"https:\/\/i0.wp.com\/comitedesfeteskermouster.fr\/wp-content\/uploads\/2022\/01\/Capture-facebok.jpg?fit=440%2C319&ssl=1","width":440,"height":319,"caption":"Photo Propri\u00e9t\u00e9 du Comit\u00e9 des f\u00eates de Kermouster"},{"@type":"BreadcrumbList","@id":"https:\/\/comitedesfeteskermouster.fr\/index.php\/belotte\/#breadcrumb","itemListElement":[{"@type":"ListItem","position":1,"name":"Accueil - Comit\u00e9 des F\u00eates de Kermouster","item":"https:\/\/comitedesfeteskermouster.fr\/"},{"@type":"ListItem","position":2,"name":"Belote"}]},{"@type":"WebSite","@id":"https:\/\/comitedesfeteskermouster.fr\/#website","url":"https:\/\/comitedesfeteskermouster.fr\/","name":"Comit\u00e9 des F\u00eates de Kermouster","description":"","publisher":{"@id":"https:\/\/comitedesfeteskermouster.fr\/#organization"},"potentialAction":[{"@type":"SearchAction","target":{"@type":"EntryPoint","urlTemplate":"https:\/\/comitedesfeteskermouster.fr\/?s={search_term_string}"},"query-input":{"@type":"PropertyValueSpecification","valueRequired":true,"valueName":"search_term_string"}}],"inLanguage":"fr-FR"},{"@type":"Organization","@id":"https:\/\/comitedesfeteskermouster.fr\/#organization","name":"Comit\u00e9 des f\u00eates de Kermouster","url":"https:\/\/comitedesfeteskermouster.fr\/","logo":{"@type":"ImageObject","inLanguage":"fr-FR","@id":"https:\/\/comitedesfeteskermouster.fr\/#\/schema\/logo\/image\/","url":"https:\/\/i0.wp.com\/comitedesfeteskermouster.fr\/wp-content\/uploads\/2021\/12\/cropped-cropped-logo.png?fit=480%2C214&ssl=1","contentUrl":"https:\/\/i0.wp.com\/comitedesfeteskermouster.fr\/wp-content\/uploads\/2021\/12\/cropped-cropped-logo.png?fit=480%2C214&ssl=1","width":480,"height":214,"caption":"Comit\u00e9 des f\u00eates de Kermouster"},"image":{"@id":"https:\/\/comitedesfeteskermouster.fr\/#\/schema\/logo\/image\/"},"sameAs":["https:\/\/www.facebook.com\/comitedesfeteskermouster"]}]}},"jetpack_sharing_enabled":true,"jetpack_likes_enabled":true,"_links":{"self":[{"href":"https:\/\/comitedesfeteskermouster.fr\/index.php\/wp-json\/wp\/v2\/pages\/60","targetHints":{"allow":["GET"]}}],"collection":[{"href":"https:\/\/comitedesfeteskermouster.fr\/index.php\/wp-json\/wp\/v2\/pages"}],"about":[{"href":"https:\/\/comitedesfeteskermouster.fr\/index.php\/wp-json\/wp\/v2\/types\/page"}],"author":[{"embeddable":true,"href":"https:\/\/comitedesfeteskermouster.fr\/index.php\/wp-json\/wp\/v2\/users\/5"}],"replies":[{"embeddable":true,"href":"https:\/\/comitedesfeteskermouster.fr\/index.php\/wp-json\/wp\/v2\/comments?post=60"}],"version-history":[{"count":31,"href":"https:\/\/comitedesfeteskermouster.fr\/index.php\/wp-json\/wp\/v2\/pages\/60\/revisions"}],"predecessor-version":[{"id":833,"href":"https:\/\/comitedesfeteskermouster.fr\/index.php\/wp-json\/wp\/v2\/pages\/60\/revisions\/833"}],"wp:attachment":[{"href":"https:\/\/comitedesfeteskermouster.fr\/index.php\/wp-json\/wp\/v2\/media?parent=60"}],"curies":[{"name":"wp","href":"https:\/\/api.w.org\/{rel}","templated":true}]}}